{"id":191,"date":"2023-01-18T21:09:11","date_gmt":"2023-01-18T20:09:11","guid":{"rendered":"https:\/\/elementor.043arts.nl\/?page_id=191"},"modified":"2025-12-19T09:38:42","modified_gmt":"2025-12-19T08:38:42","slug":"contactati","status":"publish","type":"page","link":"https:\/\/h4ilimburg.nl\/ro\/contact\/","title":{"rendered":"Contacta\u021bi"},"content":{"rendered":"<div data-elementor-type=\"wp-page\" data-elementor-id=\"191\" class=\"elementor elementor-191\" data-elementor-post-type=\"page\">\n\t\t\t\t<div class=\"elementor-element elementor-element-c4bf8bc e-flex e-con-boxed e-con e-parent\" data-id=\"c4bf8bc\" data-element_type=\"container\" data-e-type=\"container\" data-settings=\"{&quot;background_background&quot;:&quot;classic&quot;,&quot;jet_parallax_layout_list&quot;:[]}\">\n\t\t\t\t\t<div class=\"e-con-inner\">\n\t\t\t\t<div class=\"elementor-element elementor-element-59c0dbf elementor-widget elementor-widget-heading\" data-id=\"59c0dbf\" data-element_type=\"widget\" data-e-type=\"widget\" data-widget_type=\"heading.default\">\n\t\t\t\t<div class=\"elementor-widget-container\">\n\t\t\t\t\t<h1 class=\"elementor-heading-title elementor-size-default\">Asisten\u021b\u0103 medical\u0103 pentru interna\u021bionali<\/h1>\t\t\t\t<\/div>\n\t\t\t\t<\/div>\n\t\t\t\t\t<\/div>\n\t\t\t\t<\/div>\n\t\t<div class=\"elementor-element elementor-element-6c01bbd e-flex e-con-boxed e-con e-parent\" data-id=\"6c01bbd\" data-element_type=\"container\" data-e-type=\"container\" data-settings=\"{&quot;jet_parallax_layout_list&quot;:[]}\">\n\t\t\t\t\t<div class=\"e-con-inner\">\n\t\t<div class=\"elementor-element elementor-element-7e80542 e-con-full elementor-hidden-tablet e-flex e-con e-child\" data-id=\"7e80542\" data-element_type=\"container\" data-e-type=\"container\" data-settings=\"{&quot;jet_parallax_layout_list&quot;:[]}\">\n\t\t\t\t<div class=\"elementor-element elementor-element-53d7108 box-shadow-backdrop elementor-widget elementor-widget-image\" data-id=\"53d7108\" data-element_type=\"widget\" data-e-type=\"widget\" data-widget_type=\"image.default\">\n\t\t\t\t<div class=\"elementor-widget-container\">\n\t\t\t\t\t\t\t\t\t\t\t\t\t\t\t<img decoding=\"async\" src=\"https:\/\/h4ilimburg.nl\/wp-content\/uploads\/elementor\/thumbs\/043arts20232-qpi64cbr8ree8noa8qswkb04ma3etieb2xvfqc4vls.jpg\" title=\"Doctor,str\u00e2ng\u00e2nd,m\u00e2na,cu,femeie,Femeie,pacient,vizit\u00e2nd,profesionistul,s\u0103n\u0103t\u0103\u021bii.\" alt=\"Doctor d\u00e2nd m\u00e2na cu o femeie. Pacient de sex feminin care viziteaz\u0103 un profesionist \u00een domeniul s\u0103n\u0103t\u0103\u021bii. Se afl\u0103 \u00een spital. Fotografie decupat\u0103 a unui b\u0103rbat t\u00e2n\u0103r \u0219i chipe\u0219 doctor \u0219i a pacientei sale d\u00e2nd m\u00e2na \u00een spital\" loading=\"lazy\" \/>\t\t\t\t\t\t\t\t\t\t\t\t\t\t\t<\/div>\n\t\t\t\t<\/div>\n\t\t\t\t<\/div>\n\t\t<div class=\"elementor-element elementor-element-3060657 e-con-full e-flex e-con e-child\" data-id=\"3060657\" data-element_type=\"container\" data-e-type=\"container\" data-settings=\"{&quot;jet_parallax_layout_list&quot;:[]}\">\n\t\t\t\t<div class=\"elementor-element elementor-element-69f3cfc elementor-widget elementor-widget-heading\" data-id=\"69f3cfc\" data-element_type=\"widget\" data-e-type=\"widget\" data-widget_type=\"heading.default\">\n\t\t\t\t<div class=\"elementor-widget-container\">\n\t\t\t\t\t<h2 class=\"elementor-heading-title elementor-size-default\">Informa\u021bii de contact<\/h2>\t\t\t\t<\/div>\n\t\t\t\t<\/div>\n\t\t<div class=\"elementor-element elementor-element-34ea043 e-con-full e-flex e-con e-child\" data-id=\"34ea043\" data-element_type=\"container\" data-e-type=\"container\" data-settings=\"{&quot;jet_parallax_layout_list&quot;:[]}\">\n\t\t<div class=\"elementor-element elementor-element-f032e98 e-con-full jedv-enabled--yes e-flex e-con e-child\" data-id=\"f032e98\" data-element_type=\"container\" data-e-type=\"container\" data-settings=\"{&quot;jet_parallax_layout_list&quot;:[]}\">\n\t\t\t\t<div class=\"elementor-element elementor-element-3d09f9f elementor-widget elementor-widget-jet-services\" data-id=\"3d09f9f\" data-element_type=\"widget\" data-e-type=\"widget\" data-widget_type=\"jet-services.default\">\n\t\t\t\t<div class=\"elementor-widget-container\">\n\t\t\t\t\t<div class=\"elementor-jet-services jet-elements\"><div class=\"jet-services jet-services--header-position-left\">\n\t<div class=\"jet-services__inner\">\n\t\t\t\t<div class=\"jet-services__header\">\n\t\t\t<div class=\"jet-services__cover\"><div class=\"jet-services__icon\"><div class=\"inner\"><span class=\"jet-elements-icon\"><i aria-hidden=\"true\" class=\"icon icon-clock11\"><\/i><\/span><\/div><\/div><\/div>\n\t\t<\/div>\n\t\t<div class=\"jet-services__content\"><h3 class=\"jet-services__title\"><span class=\"jet-services__title-text\">Program<\/span><\/h3><p class=\"jet-services__desc\">de luni p\u00e2n\u0103 vineri 08:00 - 17:00<\/p><\/div>\n\t\t\t<\/div>\n<\/div>\n<\/div>\t\t\t\t<\/div>\n\t\t\t\t<\/div>\n\t\t\t\t<\/div>\n\t\t<div class=\"elementor-element elementor-element-d3475b6 e-con-full jedv-enabled--yes e-flex e-con e-child\" data-id=\"d3475b6\" data-element_type=\"container\" data-e-type=\"container\" data-settings=\"{&quot;jet_parallax_layout_list&quot;:[]}\">\n\t\t\t\t<div class=\"elementor-element elementor-element-c1ff409 elementor-widget elementor-widget-jet-services\" data-id=\"c1ff409\" data-element_type=\"widget\" data-e-type=\"widget\" data-widget_type=\"jet-services.default\">\n\t\t\t\t<div class=\"elementor-widget-container\">\n\t\t\t\t\t<div class=\"elementor-jet-services jet-elements\"><div class=\"jet-services jet-services--header-position-left\">\n\t<div class=\"jet-services__inner\">\n\t\t\t\t<div class=\"jet-services__header\">\n\t\t\t<div class=\"jet-services__cover\"><div class=\"jet-services__icon\"><div class=\"inner\"><span class=\"jet-elements-icon\"><i aria-hidden=\"true\" class=\"jki jki-map-marker1-light\"><\/i><\/span><\/div><\/div><\/div>\n\t\t<\/div>\n\t\t<div class=\"jet-services__content\"><h3 class=\"jet-services__title\"><span class=\"jet-services__title-text\">Adres\u0103<\/span><\/h3><p class=\"jet-services__desc\">Profesor Gelissensingel 20<\/p><\/div>\n\t\t\t<\/div>\n<\/div>\n<\/div>\t\t\t\t<\/div>\n\t\t\t\t<\/div>\n\t\t\t\t<div class=\"elementor-element elementor-element-d0e3d18 elementor-widget elementor-widget-heading\" data-id=\"d0e3d18\" data-element_type=\"widget\" data-e-type=\"widget\" data-widget_type=\"heading.default\">\n\t\t\t\t<div class=\"elementor-widget-container\">\n\t\t\t\t\t<h2 class=\"elementor-heading-title elementor-size-default\">5912 JX Venlo<\/h2>\t\t\t\t<\/div>\n\t\t\t\t<\/div>\n\t\t\t\t<\/div>\n\t\t<div class=\"elementor-element elementor-element-8019d12 e-con-full jedv-enabled--yes e-flex e-con e-child\" data-id=\"8019d12\" data-element_type=\"container\" data-e-type=\"container\" data-settings=\"{&quot;jet_parallax_layout_list&quot;:[]}\">\n\t\t\t\t<div class=\"elementor-element elementor-element-85b167a elementor-widget elementor-widget-jet-services\" data-id=\"85b167a\" data-element_type=\"widget\" data-e-type=\"widget\" data-widget_type=\"jet-services.default\">\n\t\t\t\t<div class=\"elementor-widget-container\">\n\t\t\t\t\t<div class=\"elementor-jet-services jet-elements\"><div class=\"jet-services jet-services--header-position-left\">\n\t<div class=\"jet-services__inner\">\n\t\t\t\t<div class=\"jet-services__header\">\n\t\t\t<div class=\"jet-services__cover\"><div class=\"jet-services__icon\"><div class=\"inner\"><span class=\"jet-elements-icon\"><i aria-hidden=\"true\" class=\"icon icon-email\"><\/i><\/span><\/div><\/div><\/div>\n\t\t<\/div>\n\t\t<div class=\"jet-services__content\"><h3 class=\"jet-services__title\"><span class=\"jet-services__title-text\">Email<\/span><\/h3><p class=\"jet-services__desc\"> info@h4ilimburg.nl<\/p><\/div>\n\t\t\t<\/div>\n<\/div>\n<\/div>\t\t\t\t<\/div>\n\t\t\t\t<\/div>\n\t\t\t\t<\/div>\n\t\t<div class=\"elementor-element elementor-element-4e5cc48 e-con-full jedv-enabled--yes e-flex e-con e-child\" data-id=\"4e5cc48\" data-element_type=\"container\" data-e-type=\"container\" data-settings=\"{&quot;jet_parallax_layout_list&quot;:[]}\">\n\t\t\t\t<div class=\"elementor-element elementor-element-69448c3 elementor-widget elementor-widget-jet-services\" data-id=\"69448c3\" data-element_type=\"widget\" data-e-type=\"widget\" data-widget_type=\"jet-services.default\">\n\t\t\t\t<div class=\"elementor-widget-container\">\n\t\t\t\t\t<div class=\"elementor-jet-services jet-elements\"><div class=\"jet-services jet-services--header-position-left\">\n\t<div class=\"jet-services__inner\">\n\t\t\t\t<div class=\"jet-services__header\">\n\t\t\t<div class=\"jet-services__cover\"><div class=\"jet-services__icon\"><div class=\"inner\"><span class=\"jet-elements-icon\"><i aria-hidden=\"true\" class=\"icon icon-phone1\"><\/i><\/span><\/div><\/div><\/div>\n\t\t<\/div>\n\t\t<div class=\"jet-services__content\"><h3 class=\"jet-services__title\"><span class=\"jet-services__title-text\">Num\u0103r de telefon<\/span><\/h3><p class=\"jet-services__desc\">077-7820920<\/p><\/div>\n\t\t\t<\/div>\n<\/div>\n<\/div>\t\t\t\t<\/div>\n\t\t\t\t<\/div>\n\t\t\t\t<div class=\"elementor-element elementor-element-d05b8be elementor-widget elementor-widget-heading\" data-id=\"d05b8be\" data-element_type=\"widget\" data-e-type=\"widget\" data-widget_type=\"heading.default\">\n\t\t\t\t<div class=\"elementor-widget-container\">\n\t\t\t\t\t<h2 class=\"elementor-heading-title elementor-size-default\">Pentru urgen\u021b\u0103 apas\u0103 1<\/h2>\t\t\t\t<\/div>\n\t\t\t\t<\/div>\n\t\t\t\t<\/div>\n\t\t<div class=\"elementor-element elementor-element-14f5255 e-con-full jedv-enabled--yes e-flex e-con e-child\" data-id=\"14f5255\" data-element_type=\"container\" data-e-type=\"container\" data-settings=\"{&quot;jet_parallax_layout_list&quot;:[]}\">\n\t\t\t\t<div class=\"elementor-element elementor-element-7a123f7 elementor-widget elementor-widget-jet-services\" data-id=\"7a123f7\" data-element_type=\"widget\" data-e-type=\"widget\" data-widget_type=\"jet-services.default\">\n\t\t\t\t<div class=\"elementor-widget-container\">\n\t\t\t\t\t<div class=\"elementor-jet-services jet-elements\"><div class=\"jet-services jet-services--header-position-left\">\n\t<div class=\"jet-services__inner\">\n\t\t\t\t<div class=\"jet-services__header\">\n\t\t\t<div class=\"jet-services__cover\"><div class=\"jet-services__icon\"><div class=\"inner\"><span class=\"jet-elements-icon\"><i aria-hidden=\"true\" class=\"jki jki-clinic-medical-solid\"><\/i><\/span><\/div><\/div><\/div>\n\t\t<\/div>\n\t\t<div class=\"jet-services__content\"><h3 class=\"jet-services__title\"><span class=\"jet-services__title-text\">Serviciu medicin\u0103 de familie in afara programului<\/span><\/h3><p class=\"jet-services__desc\">077-2201800<\/p><\/div>\n\t\t\t<\/div>\n<\/div>\n<\/div>\t\t\t\t<\/div>\n\t\t\t\t<\/div>\n\t\t\t\t<div class=\"elementor-element elementor-element-9d6bb5e elementor-widget elementor-widget-text-editor\" data-id=\"9d6bb5e\" data-element_type=\"widget\" data-e-type=\"widget\" data-widget_type=\"text-editor.default\">\n\t\t\t\t<div class=\"elementor-widget-container\">\n\t\t\t\t\t\t\t\t\t<p>Ave\u021bi nevoie de \u00eengrijire seara, noaptea sau \u00een weekend care nu poate a\u0219tepta? Atunci suna\u021bi la postul de medicin\u0103 de familie.<\/p>\t\t\t\t\t\t\t\t<\/div>\n\t\t\t\t<\/div>\n\t\t\t\t<\/div>\n\t\t\t\t<\/div>\n\t\t\t\t<\/div>\n\t\t\t\t\t<\/div>\n\t\t\t\t<\/div>\n\t\t<div class=\"elementor-element elementor-element-ea179a0 e-con-full e-flex e-con e-parent\" data-id=\"ea179a0\" data-element_type=\"container\" data-e-type=\"container\" data-settings=\"{&quot;jet_parallax_layout_list&quot;:[]}\">\n\t\t\t\t<div class=\"elementor-element elementor-element-bcb132c elementor-widget elementor-widget-google_maps\" data-id=\"bcb132c\" data-element_type=\"widget\" data-e-type=\"widget\" data-widget_type=\"google_maps.default\">\n\t\t\t\t<div class=\"elementor-widget-container\">\n\t\t\t\t\t\t\t<div class=\"elementor-custom-embed\">\n\t\t\t<iframe loading=\"lazy\"\n\t\t\t\t\tsrc=\"https:\/\/maps.google.com\/maps?q=Professor%20Gelissensingel%2020%2C%205912%20JX%20Venlo&#038;t=m&#038;z=13&#038;output=embed&#038;iwloc=near\"\n\t\t\t\t\ttitle=\"Professor Gelissensingel 20, 5912 JX Venlo\"\n\t\t\t\t\taria-label=\"Professor Gelissensingel 20, 5912 JX Venlo\"\n\t\t\t><\/iframe>\n\t\t<\/div>\n\t\t\t\t\t\t<\/div>\n\t\t\t\t<\/div>\n\t\t\t\t<\/div>\n\t\t\t\t<\/div>","protected":false},"excerpt":{"rendered":"<p>Informa\u021bii de contact Orar de func\u021bionare Adres\u0103 Email Num\u0103r de telefon Centrul general de urgen\u021b\u0103 Ave\u021bi nevoie de \u00eengrijire seara, noaptea sau \u00een weekend care nu poate a\u0219tepta? Atunci suna\u021bi la postul medicului de familie.<\/p>","protected":false},"author":2,"featured_media":0,"parent":0,"menu_order":0,"comment_status":"closed","ping_status":"closed","template":"elementor_header_footer","meta":{"_jf_save_progress":"","footnotes":""},"class_list":["post-191","page","type-page","status-publish","hentry"],"_links":{"self":[{"href":"https:\/\/h4ilimburg.nl\/ro\/wp-json\/wp\/v2\/pages\/191","targetHints":{"allow":["GET"]}}],"collection":[{"href":"https:\/\/h4ilimburg.nl\/ro\/wp-json\/wp\/v2\/pages"}],"about":[{"href":"https:\/\/h4ilimburg.nl\/ro\/wp-json\/wp\/v2\/types\/page"}],"author":[{"embeddable":true,"href":"https:\/\/h4ilimburg.nl\/ro\/wp-json\/wp\/v2\/users\/2"}],"replies":[{"embeddable":true,"href":"https:\/\/h4ilimburg.nl\/ro\/wp-json\/wp\/v2\/comments?post=191"}],"version-history":[{"count":14,"href":"https:\/\/h4ilimburg.nl\/ro\/wp-json\/wp\/v2\/pages\/191\/revisions"}],"predecessor-version":[{"id":3395,"href":"https:\/\/h4ilimburg.nl\/ro\/wp-json\/wp\/v2\/pages\/191\/revisions\/3395"}],"wp:attachment":[{"href":"https:\/\/h4ilimburg.nl\/ro\/wp-json\/wp\/v2\/media?parent=191"}],"curies":[{"name":"wp","href":"https:\/\/api.w.org\/{rel}","templated":true}]}}